{"id":9176,"date":"2022-04-11T05:08:19","date_gmt":"2022-04-11T08:08:19","guid":{"rendered":"http:\/\/sutecba.org.ar\/sitio\/?page_id=9176"},"modified":"2022-04-28T00:07:48","modified_gmt":"2022-04-28T03:07:48","slug":"amadeo-genta","status":"publish","type":"page","link":"https:\/\/sutecba.org.ar\/sitio\/amadeo-genta\/","title":{"rendered":"Amadeo Genta"},"content":{"rendered":"\t\t<div data-elementor-type=\"wp-page\" data-elementor-id=\"9176\" class=\"elementor elementor-9176\">\n\t\t\t\t\t\t<section class=\"elementor-section elementor-top-section elementor-element elementor-element-578511c4 elementor-section-boxed elementor-section-height-default elementor-section-height-default wd-section-disabled\" data-id=\"578511c4\" data-element_type=\"section\" data-e-type=\"section\" data-settings=\"{&quot;ekit_has_onepagescroll_dot&quot;:&quot;yes&quot;}\">\n\t\t\t\t\t\t<div class=\"elementor-container elementor-column-gap-default\">\n\t\t\t\t\t<div class=\"elementor-column elementor-col-100 elementor-top-column elementor-element elementor-element-5b8e4316\" data-id=\"5b8e4316\" data-element_type=\"column\" data-e-type=\"column\">\n\t\t\t<div class=\"elementor-widget-wrap elementor-element-populated\">\n\t\t\t\t\t\t<div class=\"elementor-element elementor-element-778f7d99 elementor-widget elementor-widget-wd_title\" data-id=\"778f7d99\" data-element_type=\"widget\" data-e-type=\"widget\" data-settings=\"{&quot;ekit_we_effect_on&quot;:&quot;none&quot;}\" data-widget_type=\"wd_title.default\">\n\t\t\t\t<div class=\"elementor-widget-container\">\n\t\t\t\t\t\t\t\t<link rel=\"stylesheet\" id=\"wd-section-title-css\" href=\"https:\/\/sutecba.org.ar\/sitio\/wp-content\/themes\/woodmart\/css\/parts\/el-section-title.min.css?ver=6.2.3\" type=\"text\/css\" media=\"all\" \/> \t\t\t\t\t<div class=\"title-wrapper set-mb-s reset-last-child wd-title-color-alt wd-title-style-simple wd-title-size-large text-left\">\n\n\t\t\t\n\t\t\t<div class=\"liner-continer\">\n\t\t\t\t<h4 class=\"woodmart-title-container title wd-fontsize-xxl\">SECRETARIO GENERAL<\/h4> \n\t\t\t\t\t\t\t<\/div>\n\n\t\t\t\t\t<\/div>\n\t\t\t\t\t\t<\/div>\n\t\t\t\t<\/div>\n\t\t\t\t<div class=\"elementor-element elementor-element-af5649f elementor-widget elementor-widget-wd_title\" data-id=\"af5649f\" data-element_type=\"widget\" data-e-type=\"widget\" data-settings=\"{&quot;ekit_we_effect_on&quot;:&quot;none&quot;}\" data-widget_type=\"wd_title.default\">\n\t\t\t\t<div class=\"elementor-widget-container\">\n\t\t\t\t\t\t\t<div class=\"title-wrapper set-mb-s reset-last-child wd-title-color-alt wd-title-style-default wd-title-size-extra-large text-left\">\n\n\t\t\t\n\t\t\t<div class=\"liner-continer\">\n\t\t\t\t<h4 class=\"woodmart-title-container title wd-fontsize-xxxl\">AMADEO GENTA<\/h4> \n\t\t\t\t\t\t\t<\/div>\n\n\t\t\t\t\t<\/div>\n\t\t\t\t\t\t<\/div>\n\t\t\t\t<\/div>\n\t\t\t\t<div class=\"elementor-element elementor-element-12d9f55 elementor-hidden-tablet elementor-hidden-mobile elementor-widget elementor-widget-wd_text_block\" data-id=\"12d9f55\" data-element_type=\"widget\" data-e-type=\"widget\" data-settings=\"{&quot;ekit_we_effect_on&quot;:&quot;none&quot;}\" data-widget_type=\"wd_text_block.default\">\n\t\t\t\t<div class=\"elementor-widget-container\">\n\t\t\t\t\t\t\t\t<link rel=\"stylesheet\" id=\"wd-text-block-css\" href=\"https:\/\/sutecba.org.ar\/sitio\/wp-content\/themes\/woodmart\/css\/parts\/el-text-block.min.css?ver=6.2.3\" type=\"text\/css\" media=\"all\" \/> \t\t\t\t\t<div class=\"wd-text-block reset-last-child text-left\">\n\t\t\t\n\t\t\t\n\t\t\t\t\t<\/div>\n\t\t\t\t\t\t<\/div>\n\t\t\t\t<\/div>\n\t\t\t\t<div class=\"elementor-element elementor-element-70bc7338 color-scheme-inherit text-left elementor-widget elementor-widget-text-editor\" data-id=\"70bc7338\" data-element_type=\"widget\" data-e-type=\"widget\" data-settings=\"{&quot;ekit_we_effect_on&quot;:&quot;none&quot;}\" data-widget_type=\"text-editor.default\">\n\t\t\t\t<div class=\"elementor-widget-container\">\n\t\t\t\t\t\t\t\t\t<p class=\"greyD alignJustify\">Nuestra organizaci\u00f3n sindical siempre ha planteado como objetivos centrales el mantenimiento de la fuente de trabajo, la efectivizaci\u00f3n de todos los contratados, la recuperaci\u00f3n salarial, la prestaci\u00f3n desde el Estado, el derecho a la carrera y la garant\u00eda de una jubilaci\u00f3n justa.<\/p><p class=\"helveticaBC greyD alignJustify\"><strong>Vamos a hacer respetar la historia y vamos a hacer respetar a los trabajadores. La fragmentaci\u00f3n debilita y la unidad fortalece.<\/strong><\/p><p class=\"greyD alignJustify\">Por eso defendemos este modelo sindical que es un ejemplo en el mundo, con los m\u00e1s altos \u00edndices de afiliaci\u00f3n, que es voluntaria, y con organizaciones poderosas.<\/p><p class=\"greyD alignJustify\">Este es nuestro compromiso. Un gremio fuerte, unido, y comprometido solo con los trabajadores municipales, encuadrado en la CGT y como parte de la Confederaci\u00f3n de Obreros y empelados Municipales de la Argentina, para profundizar el modelo. Vamos a lograrlo.<\/p><p class=\"helveticaBC greyD alignJustify\"><strong>El nuestro es un gremio de lucha y de responsabilidad en la defensa de los derechos de los trabajadores.<\/strong><\/p>\t\t\t\t\t\t\t\t<\/div>\n\t\t\t\t<\/div>\n\t\t\t\t\t<\/div>\n\t\t<\/div>\n\t\t\t\t\t<\/div>\n\t\t<\/section>\n\t\t\t\t<section class=\"elementor-section elementor-top-section elementor-element elementor-element-7e3fc59d wd-section-stretch-content elementor-section-boxed elementor-section-height-default elementor-section-height-default\" data-id=\"7e3fc59d\" data-element_type=\"section\" data-e-type=\"section\" data-settings=\"{&quot;ekit_has_onepagescroll_dot&quot;:&quot;yes&quot;}\">\n\t\t\t\t\t\t<div class=\"elementor-container elementor-column-gap-no\">\n\t\t\t\t\t<div class=\"elementor-column elementor-col-100 elementor-top-column elementor-element elementor-element-56a064f9\" data-id=\"56a064f9\" data-element_type=\"column\" data-e-type=\"column\">\n\t\t\t<div class=\"elementor-widget-wrap elementor-element-populated\">\n\t\t\t\t\t\t<div class=\"elementor-element elementor-element-19586f86 elementor-widget elementor-widget-wd_images_gallery\" data-id=\"19586f86\" data-element_type=\"widget\" data-e-type=\"widget\" data-settings=\"{&quot;ekit_we_effect_on&quot;:&quot;none&quot;}\" data-widget_type=\"wd_images_gallery.default\">\n\t\t\t\t<div class=\"elementor-widget-container\">\n\t\t\t\t\t\t\t\t<link rel=\"stylesheet\" id=\"wd-photoswipe-css\" href=\"https:\/\/sutecba.org.ar\/sitio\/wp-content\/themes\/woodmart\/css\/parts\/lib-photoswipe.min.css?ver=6.2.3\" type=\"text\/css\" media=\"all\" \/> \t\t\t\t\t\t<link rel=\"stylesheet\" id=\"wd-owl-carousel-css\" href=\"https:\/\/sutecba.org.ar\/sitio\/wp-content\/themes\/woodmart\/css\/parts\/lib-owl-carousel.min.css?ver=6.2.3\" type=\"text\/css\" media=\"all\" \/> \t\t\t\t\t\t<link rel=\"stylesheet\" id=\"wd-image-gallery-css\" href=\"https:\/\/sutecba.org.ar\/sitio\/wp-content\/themes\/woodmart\/css\/parts\/el-gallery.min.css?ver=6.2.3\" type=\"text\/css\" media=\"all\" \/> \t\t\t\t\t<div class=\"wd-images-gallery wd-justify-center wd-items-middle view-carousel photoswipe-images wd-carousel-spacing-0 wd-carousel-container\" data-owl-carousel data-speed=\"\" data-wrap=\"no\" data-hide_pagination_control=\"yes\" data-hide_prev_next_buttons=\"no\" data-desktop=\"3\" data-tablet_landscape=\"3\" data-tablet=\"2\" data-mobile=\"1\">\n\t\t\t<div class=\"gallery-images owl-carousel owl-items-lg-3 owl-items-md-3 owl-items-sm-2 owl-items-xs-1\">\n\t\t\t\t\t\t\t\t\t\t\t\t\t\t<div class=\"wd-gallery-item\">\n\t\t\t\t\t\t\t\t\t\t\t\t\t<a  href=\"https:\/\/sutecba.org.ar\/sitio\/wp-content\/uploads\/2022\/04\/amadeo4.jpg\"data-width=\"650\" data-height=\"488\" data-index=\"1\" data-elementor-open-lightbox=\"no\">\n\t\t\t\t\t\t\n\t\t\t\t\t\t<img decoding=\"async\" class=\"wd-lazy-load wd-lazy-fade\" src=\"https:\/\/sutecba.org.ar\/sitio\/wp-content\/themes\/woodmart\/images\/lazy.png\" data-wood-src=\"https:\/\/sutecba.org.ar\/sitio\/wp-content\/uploads\/2022\/04\/amadeo4.jpg\"alt=\"amadeo4\">\n\t\t\t\t\t\t\t\t\t\t\t\t\t<\/a>\n\t\t\t\t\t\t\t\t\t\t\t<\/div>\n\t\t\t\t\t\t\t\t\t\t\t\t\t\t\t<div class=\"wd-gallery-item\">\n\t\t\t\t\t\t\t\t\t\t\t\t\t<a  href=\"https:\/\/sutecba.org.ar\/sitio\/wp-content\/uploads\/2022\/04\/amadeo3.jpg\"data-width=\"650\" data-height=\"488\" data-index=\"2\" data-elementor-open-lightbox=\"no\">\n\t\t\t\t\t\t\n\t\t\t\t\t\t<img decoding=\"async\" class=\"wd-lazy-load wd-lazy-fade\" src=\"https:\/\/sutecba.org.ar\/sitio\/wp-content\/themes\/woodmart\/images\/lazy.png\" data-wood-src=\"https:\/\/sutecba.org.ar\/sitio\/wp-content\/uploads\/2022\/04\/amadeo3.jpg\"alt=\"amadeo3\">\n\t\t\t\t\t\t\t\t\t\t\t\t\t<\/a>\n\t\t\t\t\t\t\t\t\t\t\t<\/div>\n\t\t\t\t\t\t\t\t\t\t\t\t\t\t\t<div class=\"wd-gallery-item\">\n\t\t\t\t\t\t\t\t\t\t\t\t\t<a  href=\"https:\/\/sutecba.org.ar\/sitio\/wp-content\/uploads\/2022\/04\/amadeo2.jpg\"data-width=\"650\" data-height=\"488\" data-index=\"3\" data-elementor-open-lightbox=\"no\">\n\t\t\t\t\t\t\n\t\t\t\t\t\t<img decoding=\"async\" class=\"wd-lazy-load wd-lazy-fade\" src=\"https:\/\/sutecba.org.ar\/sitio\/wp-content\/themes\/woodmart\/images\/lazy.png\" data-wood-src=\"https:\/\/sutecba.org.ar\/sitio\/wp-content\/uploads\/2022\/04\/amadeo2.jpg\"alt=\"amadeo2\">\n\t\t\t\t\t\t\t\t\t\t\t\t\t<\/a>\n\t\t\t\t\t\t\t\t\t\t\t<\/div>\n\t\t\t\t\t\t\t\t\t\t\t\t\t\t\t<div class=\"wd-gallery-item\">\n\t\t\t\t\t\t\t\t\t\t\t\t\t<a  href=\"https:\/\/sutecba.org.ar\/sitio\/wp-content\/uploads\/2022\/04\/amadeo1.jpg\"data-width=\"650\" data-height=\"488\" data-index=\"4\" data-elementor-open-lightbox=\"no\">\n\t\t\t\t\t\t\n\t\t\t\t\t\t<img decoding=\"async\" class=\"wd-lazy-load wd-lazy-fade\" src=\"https:\/\/sutecba.org.ar\/sitio\/wp-content\/themes\/woodmart\/images\/lazy.png\" data-wood-src=\"https:\/\/sutecba.org.ar\/sitio\/wp-content\/uploads\/2022\/04\/amadeo1.jpg\"alt=\"amadeo1\">\n\t\t\t\t\t\t\t\t\t\t\t\t\t<\/a>\n\t\t\t\t\t\t\t\t\t\t\t<\/div>\n\t\t\t\t\t\t\t\t<\/div>\n\t\t<\/div>\n\t\t\t\t\t\t<\/div>\n\t\t\t\t<\/div>\n\t\t\t\t<div class=\"elementor-element elementor-element-9f33222 elementor-widget elementor-widget-spacer\" data-id=\"9f33222\" data-element_type=\"widget\" data-e-type=\"widget\" data-settings=\"{&quot;ekit_we_effect_on&quot;:&quot;none&quot;}\" data-widget_type=\"spacer.default\">\n\t\t\t\t<div class=\"elementor-widget-container\">\n\t\t\t\t\t\t\t<div class=\"elementor-spacer\">\n\t\t\t<div class=\"elementor-spacer-inner\"><\/div>\n\t\t<\/div>\n\t\t\t\t\t\t<\/div>\n\t\t\t\t<\/div>\n\t\t\t\t\t<\/div>\n\t\t<\/div>\n\t\t\t\t\t<\/div>\n\t\t<\/section>\n\t\t\t\t<section class=\"elementor-section elementor-top-section elementor-element elementor-element-2816c484 wd-section-stretch-content elementor-section-boxed elementor-section-height-default elementor-section-height-default\" data-id=\"2816c484\" data-element_type=\"section\" data-e-type=\"section\" data-settings=\"{&quot;ekit_has_onepagescroll_dot&quot;:&quot;yes&quot;}\">\n\t\t\t\t\t\t<div class=\"elementor-container elementor-column-gap-default\">\n\t\t\t\t\t<div class=\"elementor-column elementor-col-100 elementor-top-column elementor-element elementor-element-c0f0ea1\" data-id=\"c0f0ea1\" data-element_type=\"column\" data-e-type=\"column\">\n\t\t\t<div class=\"elementor-widget-wrap elementor-element-populated\">\n\t\t\t\t\t\t<div class=\"elementor-element elementor-element-530d711 elementor-widget elementor-widget-video\" data-id=\"530d711\" data-element_type=\"widget\" data-e-type=\"widget\" data-settings=\"{&quot;video_type&quot;:&quot;hosted&quot;,&quot;show_image_overlay&quot;:&quot;yes&quot;,&quot;image_overlay&quot;:{&quot;url&quot;:&quot;http:\\\/\\\/sutecba.org.ar\\\/sitio\\\/wp-content\\\/uploads\\\/2022\\\/04\\\/Captura-de-pantalla-2022-04-27-a-las-23.35.27.png&quot;,&quot;id&quot;:11489,&quot;size&quot;:&quot;&quot;,&quot;alt&quot;:&quot;&quot;,&quot;source&quot;:&quot;library&quot;},&quot;controls&quot;:&quot;yes&quot;,&quot;ekit_we_effect_on&quot;:&quot;none&quot;}\" data-widget_type=\"video.default\">\n\t\t\t\t<div class=\"elementor-widget-container\">\n\t\t\t\t\t\t\t<div class=\"e-hosted-video elementor-wrapper elementor-open-inline\">\n\t\t\t\t\t<video class=\"elementor-video\" src=\"http:\/\/sutecba.org.ar\/sitio\/wp-content\/uploads\/2022\/04\/FINAL_AMADEO_1.mp4\" controls=\"\" preload=\"metadata\"><\/video>\n\t\t\t\t\t\t<div class=\"elementor-custom-embed-image-overlay\" style=\"background-image: url(https:\/\/sutecba.org.ar\/sitio\/wp-content\/uploads\/2022\/04\/Captura-de-pantalla-2022-04-27-a-las-23.35.27.png);\">\n\t\t\t\t\t\t\t\t\t\t\t\t\t\t\t\t<div class=\"elementor-custom-embed-play\" role=\"button\" aria-label=\"Reproducir v\u00eddeo\" tabindex=\"0\">\n\t\t\t\t\t\t\t<i aria-hidden=\"true\" class=\"eicon-play\"><\/i>\t\t\t\t\t\t<\/div>\n\t\t\t\t\t\t\t\t\t<\/div>\n\t\t\t\t\t<\/div>\n\t\t\t\t\t\t<\/div>\n\t\t\t\t<\/div>\n\t\t\t\t\t<\/div>\n\t\t<\/div>\n\t\t\t\t\t<\/div>\n\t\t<\/section>\n\t\t\t\t<\/div>\n\t\t","protected":false},"excerpt":{"rendered":"<p>SECRETARIO GENERAL AMADEO GENTA Nuestra organizaci\u00f3n sindical siempre ha planteado como objetivos centrales el mantenimiento de la fuente de trabajo,<\/p>\n","protected":false},"author":1,"featured_media":0,"parent":0,"menu_order":0,"comment_status":"closed","ping_status":"closed","template":"elementor_header_footer","meta":{"footnotes":""},"class_list":["post-9176","page","type-page","status-publish","hentry"],"yoast_head":"<!-- This site is optimized with the Yoast SEO plugin v27.4 - https:\/\/yoast.com\/product\/yoast-seo-wordpress\/ -->\n<title>Amadeo Genta - S.U.T.E.C.B.A. || Sindicato \u00danico de Trabajadores del Estado de la Ciudad de Buenos Aires<\/title>\n<meta name=\"robots\" content=\"index, follow, max-snippet:-1, max-image-preview:large, max-video-preview:-1\" \/>\n<link rel=\"canonical\" href=\"https:\/\/sutecba.org.ar\/sitio\/amadeo-genta\/\" \/>\n<meta property=\"og:locale\" content=\"es_ES\" \/>\n<meta property=\"og:type\" content=\"article\" \/>\n<meta property=\"og:title\" content=\"Amadeo Genta - S.U.T.E.C.B.A. || Sindicato \u00danico de Trabajadores del Estado de la Ciudad de Buenos Aires\" \/>\n<meta property=\"og:description\" content=\"SECRETARIO GENERAL AMADEO GENTA Nuestra organizaci\u00f3n sindical siempre ha planteado como objetivos centrales el mantenimiento de la fuente de trabajo,\" \/>\n<meta property=\"og:url\" content=\"https:\/\/sutecba.org.ar\/sitio\/amadeo-genta\/\" \/>\n<meta property=\"og:site_name\" content=\"S.U.T.E.C.B.A. || Sindicato \u00danico de Trabajadores del Estado de la Ciudad de Buenos Aires\" \/>\n<meta property=\"article:modified_time\" content=\"2022-04-28T03:07:48+00:00\" \/>\n<meta property=\"og:image\" content=\"http:\/\/sutecba.org.ar\/sitio\/wp-content\/uploads\/2022\/04\/amadeo4.jpg\" \/>\n<meta name=\"twitter:card\" content=\"summary_large_image\" \/>\n<meta name=\"twitter:label1\" content=\"Tiempo de lectura\" \/>\n\t<meta name=\"twitter:data1\" content=\"1 minuto\" \/>\n<script type=\"application\/ld+json\" class=\"yoast-schema-graph\">{\"@context\":\"https:\\\/\\\/schema.org\",\"@graph\":[{\"@type\":\"WebPage\",\"@id\":\"https:\\\/\\\/sutecba.org.ar\\\/sitio\\\/amadeo-genta\\\/\",\"url\":\"https:\\\/\\\/sutecba.org.ar\\\/sitio\\\/amadeo-genta\\\/\",\"name\":\"Amadeo Genta - S.U.T.E.C.B.A. || Sindicato \u00danico de Trabajadores del Estado de la Ciudad de Buenos Aires\",\"isPartOf\":{\"@id\":\"https:\\\/\\\/sutecba.org.ar\\\/sitio\\\/#website\"},\"primaryImageOfPage\":{\"@id\":\"https:\\\/\\\/sutecba.org.ar\\\/sitio\\\/amadeo-genta\\\/#primaryimage\"},\"image\":{\"@id\":\"https:\\\/\\\/sutecba.org.ar\\\/sitio\\\/amadeo-genta\\\/#primaryimage\"},\"thumbnailUrl\":\"http:\\\/\\\/sutecba.org.ar\\\/sitio\\\/wp-content\\\/uploads\\\/2022\\\/04\\\/amadeo4.jpg\",\"datePublished\":\"2022-04-11T08:08:19+00:00\",\"dateModified\":\"2022-04-28T03:07:48+00:00\",\"breadcrumb\":{\"@id\":\"https:\\\/\\\/sutecba.org.ar\\\/sitio\\\/amadeo-genta\\\/#breadcrumb\"},\"inLanguage\":\"es-AR\",\"potentialAction\":[{\"@type\":\"ReadAction\",\"target\":[\"https:\\\/\\\/sutecba.org.ar\\\/sitio\\\/amadeo-genta\\\/\"]}]},{\"@type\":\"ImageObject\",\"inLanguage\":\"es-AR\",\"@id\":\"https:\\\/\\\/sutecba.org.ar\\\/sitio\\\/amadeo-genta\\\/#primaryimage\",\"url\":\"http:\\\/\\\/sutecba.org.ar\\\/sitio\\\/wp-content\\\/uploads\\\/2022\\\/04\\\/amadeo4.jpg\",\"contentUrl\":\"http:\\\/\\\/sutecba.org.ar\\\/sitio\\\/wp-content\\\/uploads\\\/2022\\\/04\\\/amadeo4.jpg\"},{\"@type\":\"BreadcrumbList\",\"@id\":\"https:\\\/\\\/sutecba.org.ar\\\/sitio\\\/amadeo-genta\\\/#breadcrumb\",\"itemListElement\":[{\"@type\":\"ListItem\",\"position\":1,\"name\":\"Inicio\",\"item\":\"https:\\\/\\\/sutecba.org.ar\\\/sitio\\\/\"},{\"@type\":\"ListItem\",\"position\":2,\"name\":\"Amadeo Genta\"}]},{\"@type\":\"WebSite\",\"@id\":\"https:\\\/\\\/sutecba.org.ar\\\/sitio\\\/#website\",\"url\":\"https:\\\/\\\/sutecba.org.ar\\\/sitio\\\/\",\"name\":\"S.U.T.E.C.B.A. || Sindicato \u00danico de Trabajadores del Estado de la Ciudad de Buenos Aires\",\"description\":\"Un Gremio Fuerte, Unido y Solidario.\",\"potentialAction\":[{\"@type\":\"SearchAction\",\"target\":{\"@type\":\"EntryPoint\",\"urlTemplate\":\"https:\\\/\\\/sutecba.org.ar\\\/sitio\\\/?s={search_term_string}\"},\"query-input\":{\"@type\":\"PropertyValueSpecification\",\"valueRequired\":true,\"valueName\":\"search_term_string\"}}],\"inLanguage\":\"es-AR\"}]}<\/script>\n<!-- \/ Yoast SEO plugin. -->","yoast_head_json":{"title":"Amadeo Genta - S.U.T.E.C.B.A. || Sindicato \u00danico de Trabajadores del Estado de la Ciudad de Buenos Aires","robots":{"index":"index","follow":"follow","max-snippet":"max-snippet:-1","max-image-preview":"max-image-preview:large","max-video-preview":"max-video-preview:-1"},"canonical":"https:\/\/sutecba.org.ar\/sitio\/amadeo-genta\/","og_locale":"es_ES","og_type":"article","og_title":"Amadeo Genta - S.U.T.E.C.B.A. || Sindicato \u00danico de Trabajadores del Estado de la Ciudad de Buenos Aires","og_description":"SECRETARIO GENERAL AMADEO GENTA Nuestra organizaci\u00f3n sindical siempre ha planteado como objetivos centrales el mantenimiento de la fuente de trabajo,","og_url":"https:\/\/sutecba.org.ar\/sitio\/amadeo-genta\/","og_site_name":"S.U.T.E.C.B.A. || Sindicato \u00danico de Trabajadores del Estado de la Ciudad de Buenos Aires","article_modified_time":"2022-04-28T03:07:48+00:00","og_image":[{"url":"http:\/\/sutecba.org.ar\/sitio\/wp-content\/uploads\/2022\/04\/amadeo4.jpg","type":"","width":"","height":""}],"twitter_card":"summary_large_image","twitter_misc":{"Tiempo de lectura":"1 minuto"},"schema":{"@context":"https:\/\/schema.org","@graph":[{"@type":"WebPage","@id":"https:\/\/sutecba.org.ar\/sitio\/amadeo-genta\/","url":"https:\/\/sutecba.org.ar\/sitio\/amadeo-genta\/","name":"Amadeo Genta - S.U.T.E.C.B.A. || Sindicato \u00danico de Trabajadores del Estado de la Ciudad de Buenos Aires","isPartOf":{"@id":"https:\/\/sutecba.org.ar\/sitio\/#website"},"primaryImageOfPage":{"@id":"https:\/\/sutecba.org.ar\/sitio\/amadeo-genta\/#primaryimage"},"image":{"@id":"https:\/\/sutecba.org.ar\/sitio\/amadeo-genta\/#primaryimage"},"thumbnailUrl":"http:\/\/sutecba.org.ar\/sitio\/wp-content\/uploads\/2022\/04\/amadeo4.jpg","datePublished":"2022-04-11T08:08:19+00:00","dateModified":"2022-04-28T03:07:48+00:00","breadcrumb":{"@id":"https:\/\/sutecba.org.ar\/sitio\/amadeo-genta\/#breadcrumb"},"inLanguage":"es-AR","potentialAction":[{"@type":"ReadAction","target":["https:\/\/sutecba.org.ar\/sitio\/amadeo-genta\/"]}]},{"@type":"ImageObject","inLanguage":"es-AR","@id":"https:\/\/sutecba.org.ar\/sitio\/amadeo-genta\/#primaryimage","url":"http:\/\/sutecba.org.ar\/sitio\/wp-content\/uploads\/2022\/04\/amadeo4.jpg","contentUrl":"http:\/\/sutecba.org.ar\/sitio\/wp-content\/uploads\/2022\/04\/amadeo4.jpg"},{"@type":"BreadcrumbList","@id":"https:\/\/sutecba.org.ar\/sitio\/amadeo-genta\/#breadcrumb","itemListElement":[{"@type":"ListItem","position":1,"name":"Inicio","item":"https:\/\/sutecba.org.ar\/sitio\/"},{"@type":"ListItem","position":2,"name":"Amadeo Genta"}]},{"@type":"WebSite","@id":"https:\/\/sutecba.org.ar\/sitio\/#website","url":"https:\/\/sutecba.org.ar\/sitio\/","name":"S.U.T.E.C.B.A. || Sindicato \u00danico de Trabajadores del Estado de la Ciudad de Buenos Aires","description":"Un Gremio Fuerte, Unido y Solidario.","potentialAction":[{"@type":"SearchAction","target":{"@type":"EntryPoint","urlTemplate":"https:\/\/sutecba.org.ar\/sitio\/?s={search_term_string}"},"query-input":{"@type":"PropertyValueSpecification","valueRequired":true,"valueName":"search_term_string"}}],"inLanguage":"es-AR"}]}},"_links":{"self":[{"href":"https:\/\/sutecba.org.ar\/sitio\/wp-json\/wp\/v2\/pages\/9176","targetHints":{"allow":["GET"]}}],"collection":[{"href":"https:\/\/sutecba.org.ar\/sitio\/wp-json\/wp\/v2\/pages"}],"about":[{"href":"https:\/\/sutecba.org.ar\/sitio\/wp-json\/wp\/v2\/types\/page"}],"author":[{"embeddable":true,"href":"https:\/\/sutecba.org.ar\/sitio\/wp-json\/wp\/v2\/users\/1"}],"replies":[{"embeddable":true,"href":"https:\/\/sutecba.org.ar\/sitio\/wp-json\/wp\/v2\/comments?post=9176"}],"version-history":[{"count":5,"href":"https:\/\/sutecba.org.ar\/sitio\/wp-json\/wp\/v2\/pages\/9176\/revisions"}],"predecessor-version":[{"id":11606,"href":"https:\/\/sutecba.org.ar\/sitio\/wp-json\/wp\/v2\/pages\/9176\/revisions\/11606"}],"wp:attachment":[{"href":"https:\/\/sutecba.org.ar\/sitio\/wp-json\/wp\/v2\/media?parent=9176"}],"curies":[{"name":"wp","href":"https:\/\/api.w.org\/{rel}","templated":true}]}}