{"id":13903,"date":"2024-10-29T23:44:52","date_gmt":"2024-10-30T02:44:52","guid":{"rendered":"https:\/\/sutecba.org.ar\/sitio\/?page_id=13903"},"modified":"2024-10-29T23:44:52","modified_gmt":"2024-10-30T02:44:52","slug":"direccion-de-asuntos-juridicos-e-institucionales","status":"publish","type":"page","link":"https:\/\/sutecba.org.ar\/sitio\/direccion-de-asuntos-juridicos-e-institucionales\/","title":{"rendered":"Direcci\u00f3n de Asuntos Jur\u00eddicos e Institucionales"},"content":{"rendered":"\t\t<div data-elementor-type=\"wp-page\" data-elementor-id=\"13903\" class=\"elementor elementor-13903\">\n\t\t\t\t\t\t<section class=\"elementor-section elementor-top-section elementor-element elementor-element-b108ee0 elementor-section-boxed elementor-section-height-default elementor-section-height-default wd-section-disabled\" data-id=\"b108ee0\" data-element_type=\"section\" data-e-type=\"section\" data-settings=\"{&quot;ekit_has_onepagescroll_dot&quot;:&quot;yes&quot;}\">\n\t\t\t\t\t\t<div class=\"elementor-container elementor-column-gap-default\">\n\t\t\t\t\t<div class=\"elementor-column elementor-col-100 elementor-top-column elementor-element elementor-element-0f716eb\" data-id=\"0f716eb\" data-element_type=\"column\" data-e-type=\"column\">\n\t\t\t<div class=\"elementor-widget-wrap elementor-element-populated\">\n\t\t\t\t\t\t<div class=\"elementor-element elementor-element-8c22a5a elementor-widget elementor-widget-menu-anchor\" data-id=\"8c22a5a\" data-element_type=\"widget\" data-e-type=\"widget\" data-settings=\"{&quot;ekit_we_effect_on&quot;:&quot;none&quot;}\" data-widget_type=\"menu-anchor.default\">\n\t\t\t\t<div class=\"elementor-widget-container\">\n\t\t\t\t\t\t\t<div class=\"elementor-menu-anchor\" id=\"nacimiento\"><\/div>\n\t\t\t\t\t\t<\/div>\n\t\t\t\t<\/div>\n\t\t\t\t\t<\/div>\n\t\t<\/div>\n\t\t\t\t\t<\/div>\n\t\t<\/section>\n\t\t\t\t<section class=\"elementor-section elementor-top-section elementor-element elementor-element-a962429 elementor-section-content-middle elementor-section-boxed elementor-section-height-default elementor-section-height-default wd-section-disabled\" data-id=\"a962429\" data-element_type=\"section\" data-e-type=\"section\" data-settings=\"{&quot;ekit_has_onepagescroll_dot&quot;:&quot;yes&quot;}\">\n\t\t\t\t\t\t<div class=\"elementor-container elementor-column-gap-wide\">\n\t\t\t\t\t<div class=\"elementor-column elementor-col-100 elementor-top-column elementor-element elementor-element-bb01648\" data-id=\"bb01648\" data-element_type=\"column\" data-e-type=\"column\">\n\t\t\t<div class=\"elementor-widget-wrap elementor-element-populated\">\n\t\t\t\t\t\t<div class=\"elementor-element elementor-element-9ab057a elementor-widget elementor-widget-woodmart_menu_anchor\" data-id=\"9ab057a\" data-element_type=\"widget\" data-e-type=\"widget\" data-settings=\"{&quot;ekit_we_effect_on&quot;:&quot;none&quot;}\" data-widget_type=\"woodmart_menu_anchor.default\">\n\t\t\t\t<div class=\"elementor-widget-container\">\n\t\t\t\t\t\t\t<div class=\"wd-menu-anchor\" data-id=\"sepelio\" data-offset=\"150\"><\/div>\n\t\t\t\t\t\t<\/div>\n\t\t\t\t<\/div>\n\t\t\t\t<section class=\"elementor-section elementor-inner-section elementor-element elementor-element-befbe04 elementor-section-boxed elementor-section-height-default elementor-section-height-default wd-section-disabled\" data-id=\"befbe04\" data-element_type=\"section\" data-e-type=\"section\" data-settings=\"{&quot;ekit_has_onepagescroll_dot&quot;:&quot;yes&quot;}\">\n\t\t\t\t\t\t<div class=\"elementor-container elementor-column-gap-default\">\n\t\t\t\t\t<div class=\"elementor-column elementor-col-100 elementor-inner-column elementor-element elementor-element-d27692d\" data-id=\"d27692d\" data-element_type=\"column\" data-e-type=\"column\">\n\t\t\t<div class=\"elementor-widget-wrap elementor-element-populated\">\n\t\t\t\t\t\t<div class=\"elementor-element elementor-element-f900f92 color-scheme-inherit text-left elementor-widget elementor-widget-text-editor\" data-id=\"f900f92\" data-element_type=\"widget\" data-e-type=\"widget\" data-settings=\"{&quot;ekit_we_effect_on&quot;:&quot;none&quot;}\" data-widget_type=\"text-editor.default\">\n\t\t\t\t<div class=\"elementor-widget-container\">\n\t\t\t\t\t\t\t\t\t<h5 class=\"p1\" style=\"text-align: center;\">Dr. MANUEL ALEJANDRO SUAREZ<\/h5><p class=\"p1\" style=\"text-align: center;\"><b>Recepci\u00f3n de cartas documento, oficios\/c\u00e9dulas judiciales y de GCABA.<\/b><\/p><p class=\"p1\" style=\"text-align: center;\"><b>legales@sutecba.org.ar<\/b><\/p><p class=\"p1\" style=\"text-align: center;\">11 6413-7433<\/p>\t\t\t\t\t\t\t\t<\/div>\n\t\t\t\t<\/div>\n\t\t\t\t\t<\/div>\n\t\t<\/div>\n\t\t\t\t\t<\/div>\n\t\t<\/section>\n\t\t\t\t\t<\/div>\n\t\t<\/div>\n\t\t\t\t\t<\/div>\n\t\t<\/section>\n\t\t\t\t<\/div>\n\t\t","protected":false},"excerpt":{"rendered":"<p>Dr. MANUEL ALEJANDRO SUAREZ Recepci\u00f3n de cartas documento, oficios\/c\u00e9dulas judiciales y de GCABA. legales@sutecba.org.ar 11 6413-7433<\/p>\n","protected":false},"author":1,"featured_media":0,"parent":0,"menu_order":0,"comment_status":"closed","ping_status":"closed","template":"elementor_header_footer","meta":{"footnotes":""},"class_list":["post-13903","page","type-page","status-publish","hentry"],"yoast_head":"<!-- This site is optimized with the Yoast SEO plugin v27.4 - https:\/\/yoast.com\/product\/yoast-seo-wordpress\/ -->\n<title>Direcci\u00f3n de Asuntos Jur\u00eddicos e Institucionales - S.U.T.E.C.B.A. || Sindicato \u00danico de Trabajadores del Estado de la Ciudad de Buenos Aires<\/title>\n<meta name=\"robots\" content=\"index, follow, max-snippet:-1, max-image-preview:large, max-video-preview:-1\" \/>\n<link rel=\"canonical\" href=\"https:\/\/sutecba.org.ar\/sitio\/direccion-de-asuntos-juridicos-e-institucionales\/\" \/>\n<meta property=\"og:locale\" content=\"es_ES\" \/>\n<meta property=\"og:type\" content=\"article\" \/>\n<meta property=\"og:title\" content=\"Direcci\u00f3n de Asuntos Jur\u00eddicos e Institucionales - S.U.T.E.C.B.A. || Sindicato \u00danico de Trabajadores del Estado de la Ciudad de Buenos Aires\" \/>\n<meta property=\"og:description\" content=\"Dr. MANUEL ALEJANDRO SUAREZ Recepci\u00f3n de cartas documento, oficios\/c\u00e9dulas judiciales y de GCABA. legales@sutecba.org.ar 11 6413-7433\" \/>\n<meta property=\"og:url\" content=\"https:\/\/sutecba.org.ar\/sitio\/direccion-de-asuntos-juridicos-e-institucionales\/\" \/>\n<meta property=\"og:site_name\" content=\"S.U.T.E.C.B.A. || Sindicato \u00danico de Trabajadores del Estado de la Ciudad de Buenos Aires\" \/>\n<meta name=\"twitter:card\" content=\"summary_large_image\" \/>\n<meta name=\"twitter:label1\" content=\"Tiempo de lectura\" \/>\n\t<meta name=\"twitter:data1\" content=\"9 minutos\" \/>\n<script type=\"application\/ld+json\" class=\"yoast-schema-graph\">{\"@context\":\"https:\\\/\\\/schema.org\",\"@graph\":[{\"@type\":\"WebPage\",\"@id\":\"https:\\\/\\\/sutecba.org.ar\\\/sitio\\\/direccion-de-asuntos-juridicos-e-institucionales\\\/\",\"url\":\"https:\\\/\\\/sutecba.org.ar\\\/sitio\\\/direccion-de-asuntos-juridicos-e-institucionales\\\/\",\"name\":\"Direcci\u00f3n de Asuntos Jur\u00eddicos e Institucionales - S.U.T.E.C.B.A. || Sindicato \u00danico de Trabajadores del Estado de la Ciudad de Buenos Aires\",\"isPartOf\":{\"@id\":\"https:\\\/\\\/sutecba.org.ar\\\/sitio\\\/#website\"},\"datePublished\":\"2024-10-30T02:44:52+00:00\",\"breadcrumb\":{\"@id\":\"https:\\\/\\\/sutecba.org.ar\\\/sitio\\\/direccion-de-asuntos-juridicos-e-institucionales\\\/#breadcrumb\"},\"inLanguage\":\"es-AR\",\"potentialAction\":[{\"@type\":\"ReadAction\",\"target\":[\"https:\\\/\\\/sutecba.org.ar\\\/sitio\\\/direccion-de-asuntos-juridicos-e-institucionales\\\/\"]}]},{\"@type\":\"BreadcrumbList\",\"@id\":\"https:\\\/\\\/sutecba.org.ar\\\/sitio\\\/direccion-de-asuntos-juridicos-e-institucionales\\\/#breadcrumb\",\"itemListElement\":[{\"@type\":\"ListItem\",\"position\":1,\"name\":\"Inicio\",\"item\":\"https:\\\/\\\/sutecba.org.ar\\\/sitio\\\/\"},{\"@type\":\"ListItem\",\"position\":2,\"name\":\"Direcci\u00f3n de Asuntos Jur\u00eddicos e Institucionales\"}]},{\"@type\":\"WebSite\",\"@id\":\"https:\\\/\\\/sutecba.org.ar\\\/sitio\\\/#website\",\"url\":\"https:\\\/\\\/sutecba.org.ar\\\/sitio\\\/\",\"name\":\"S.U.T.E.C.B.A. || Sindicato \u00danico de Trabajadores del Estado de la Ciudad de Buenos Aires\",\"description\":\"Un Gremio Fuerte, Unido y Solidario.\",\"potentialAction\":[{\"@type\":\"SearchAction\",\"target\":{\"@type\":\"EntryPoint\",\"urlTemplate\":\"https:\\\/\\\/sutecba.org.ar\\\/sitio\\\/?s={search_term_string}\"},\"query-input\":{\"@type\":\"PropertyValueSpecification\",\"valueRequired\":true,\"valueName\":\"search_term_string\"}}],\"inLanguage\":\"es-AR\"}]}<\/script>\n<!-- \/ Yoast SEO plugin. -->","yoast_head_json":{"title":"Direcci\u00f3n de Asuntos Jur\u00eddicos e Institucionales - S.U.T.E.C.B.A. || Sindicato \u00danico de Trabajadores del Estado de la Ciudad de Buenos Aires","robots":{"index":"index","follow":"follow","max-snippet":"max-snippet:-1","max-image-preview":"max-image-preview:large","max-video-preview":"max-video-preview:-1"},"canonical":"https:\/\/sutecba.org.ar\/sitio\/direccion-de-asuntos-juridicos-e-institucionales\/","og_locale":"es_ES","og_type":"article","og_title":"Direcci\u00f3n de Asuntos Jur\u00eddicos e Institucionales - S.U.T.E.C.B.A. || Sindicato \u00danico de Trabajadores del Estado de la Ciudad de Buenos Aires","og_description":"Dr. MANUEL ALEJANDRO SUAREZ Recepci\u00f3n de cartas documento, oficios\/c\u00e9dulas judiciales y de GCABA. legales@sutecba.org.ar 11 6413-7433","og_url":"https:\/\/sutecba.org.ar\/sitio\/direccion-de-asuntos-juridicos-e-institucionales\/","og_site_name":"S.U.T.E.C.B.A. || Sindicato \u00danico de Trabajadores del Estado de la Ciudad de Buenos Aires","twitter_card":"summary_large_image","twitter_misc":{"Tiempo de lectura":"9 minutos"},"schema":{"@context":"https:\/\/schema.org","@graph":[{"@type":"WebPage","@id":"https:\/\/sutecba.org.ar\/sitio\/direccion-de-asuntos-juridicos-e-institucionales\/","url":"https:\/\/sutecba.org.ar\/sitio\/direccion-de-asuntos-juridicos-e-institucionales\/","name":"Direcci\u00f3n de Asuntos Jur\u00eddicos e Institucionales - S.U.T.E.C.B.A. || Sindicato \u00danico de Trabajadores del Estado de la Ciudad de Buenos Aires","isPartOf":{"@id":"https:\/\/sutecba.org.ar\/sitio\/#website"},"datePublished":"2024-10-30T02:44:52+00:00","breadcrumb":{"@id":"https:\/\/sutecba.org.ar\/sitio\/direccion-de-asuntos-juridicos-e-institucionales\/#breadcrumb"},"inLanguage":"es-AR","potentialAction":[{"@type":"ReadAction","target":["https:\/\/sutecba.org.ar\/sitio\/direccion-de-asuntos-juridicos-e-institucionales\/"]}]},{"@type":"BreadcrumbList","@id":"https:\/\/sutecba.org.ar\/sitio\/direccion-de-asuntos-juridicos-e-institucionales\/#breadcrumb","itemListElement":[{"@type":"ListItem","position":1,"name":"Inicio","item":"https:\/\/sutecba.org.ar\/sitio\/"},{"@type":"ListItem","position":2,"name":"Direcci\u00f3n de Asuntos Jur\u00eddicos e Institucionales"}]},{"@type":"WebSite","@id":"https:\/\/sutecba.org.ar\/sitio\/#website","url":"https:\/\/sutecba.org.ar\/sitio\/","name":"S.U.T.E.C.B.A. || Sindicato \u00danico de Trabajadores del Estado de la Ciudad de Buenos Aires","description":"Un Gremio Fuerte, Unido y Solidario.","potentialAction":[{"@type":"SearchAction","target":{"@type":"EntryPoint","urlTemplate":"https:\/\/sutecba.org.ar\/sitio\/?s={search_term_string}"},"query-input":{"@type":"PropertyValueSpecification","valueRequired":true,"valueName":"search_term_string"}}],"inLanguage":"es-AR"}]}},"_links":{"self":[{"href":"https:\/\/sutecba.org.ar\/sitio\/wp-json\/wp\/v2\/pages\/13903","targetHints":{"allow":["GET"]}}],"collection":[{"href":"https:\/\/sutecba.org.ar\/sitio\/wp-json\/wp\/v2\/pages"}],"about":[{"href":"https:\/\/sutecba.org.ar\/sitio\/wp-json\/wp\/v2\/types\/page"}],"author":[{"embeddable":true,"href":"https:\/\/sutecba.org.ar\/sitio\/wp-json\/wp\/v2\/users\/1"}],"replies":[{"embeddable":true,"href":"https:\/\/sutecba.org.ar\/sitio\/wp-json\/wp\/v2\/comments?post=13903"}],"version-history":[{"count":4,"href":"https:\/\/sutecba.org.ar\/sitio\/wp-json\/wp\/v2\/pages\/13903\/revisions"}],"predecessor-version":[{"id":13907,"href":"https:\/\/sutecba.org.ar\/sitio\/wp-json\/wp\/v2\/pages\/13903\/revisions\/13907"}],"wp:attachment":[{"href":"https:\/\/sutecba.org.ar\/sitio\/wp-json\/wp\/v2\/media?parent=13903"}],"curies":[{"name":"wp","href":"https:\/\/api.w.org\/{rel}","templated":true}]}}