{"id":13897,"date":"2024-10-29T23:39:28","date_gmt":"2024-10-30T02:39:28","guid":{"rendered":"https:\/\/sutecba.org.ar\/sitio\/?page_id=13897"},"modified":"2024-12-04T15:04:39","modified_gmt":"2024-12-04T18:04:39","slug":"asesoramiento-juridico-gratuito","status":"publish","type":"page","link":"https:\/\/sutecba.org.ar\/sitio\/asesoramiento-juridico-gratuito\/","title":{"rendered":"Asesoramiento Jur\u00eddico Gratuito"},"content":{"rendered":"\t\t<div data-elementor-type=\"wp-page\" data-elementor-id=\"13897\" class=\"elementor elementor-13897\">\n\t\t\t\t\t\t<section class=\"elementor-section elementor-top-section elementor-element elementor-element-b108ee0 elementor-section-boxed elementor-section-height-default elementor-section-height-default wd-section-disabled\" data-id=\"b108ee0\" data-element_type=\"section\" data-e-type=\"section\" data-settings=\"{&quot;ekit_has_onepagescroll_dot&quot;:&quot;yes&quot;}\">\n\t\t\t\t\t\t<div class=\"elementor-container elementor-column-gap-default\">\n\t\t\t\t\t<div class=\"elementor-column elementor-col-100 elementor-top-column elementor-element elementor-element-0f716eb\" data-id=\"0f716eb\" data-element_type=\"column\" data-e-type=\"column\">\n\t\t\t<div class=\"elementor-widget-wrap elementor-element-populated\">\n\t\t\t\t\t\t<div class=\"elementor-element elementor-element-8c22a5a elementor-widget elementor-widget-menu-anchor\" data-id=\"8c22a5a\" data-element_type=\"widget\" data-e-type=\"widget\" data-settings=\"{&quot;ekit_we_effect_on&quot;:&quot;none&quot;}\" data-widget_type=\"menu-anchor.default\">\n\t\t\t\t<div class=\"elementor-widget-container\">\n\t\t\t\t\t\t\t<div class=\"elementor-menu-anchor\" id=\"nacimiento\"><\/div>\n\t\t\t\t\t\t<\/div>\n\t\t\t\t<\/div>\n\t\t\t\t\t<\/div>\n\t\t<\/div>\n\t\t\t\t\t<\/div>\n\t\t<\/section>\n\t\t\t\t<section class=\"elementor-section elementor-top-section elementor-element elementor-element-a962429 elementor-section-content-middle elementor-section-boxed elementor-section-height-default elementor-section-height-default wd-section-disabled\" data-id=\"a962429\" data-element_type=\"section\" data-e-type=\"section\" data-settings=\"{&quot;ekit_has_onepagescroll_dot&quot;:&quot;yes&quot;}\">\n\t\t\t\t\t\t<div class=\"elementor-container elementor-column-gap-wide\">\n\t\t\t\t\t<div class=\"elementor-column elementor-col-100 elementor-top-column elementor-element elementor-element-bb01648\" data-id=\"bb01648\" data-element_type=\"column\" data-e-type=\"column\">\n\t\t\t<div class=\"elementor-widget-wrap elementor-element-populated\">\n\t\t\t\t\t\t<div class=\"elementor-element elementor-element-9ab057a elementor-widget elementor-widget-woodmart_menu_anchor\" data-id=\"9ab057a\" data-element_type=\"widget\" data-e-type=\"widget\" data-settings=\"{&quot;ekit_we_effect_on&quot;:&quot;none&quot;}\" data-widget_type=\"woodmart_menu_anchor.default\">\n\t\t\t\t<div class=\"elementor-widget-container\">\n\t\t\t\t\t\t\t<div class=\"wd-menu-anchor\" data-id=\"sepelio\" data-offset=\"150\"><\/div>\n\t\t\t\t\t\t<\/div>\n\t\t\t\t<\/div>\n\t\t\t\t<section class=\"elementor-section elementor-inner-section elementor-element elementor-element-befbe04 elementor-section-boxed elementor-section-height-default elementor-section-height-default wd-section-disabled\" data-id=\"befbe04\" data-element_type=\"section\" data-e-type=\"section\" data-settings=\"{&quot;ekit_has_onepagescroll_dot&quot;:&quot;yes&quot;}\">\n\t\t\t\t\t\t<div class=\"elementor-container elementor-column-gap-default\">\n\t\t\t\t\t<div class=\"elementor-column elementor-col-100 elementor-inner-column elementor-element elementor-element-d27692d\" data-id=\"d27692d\" data-element_type=\"column\" data-e-type=\"column\">\n\t\t\t<div class=\"elementor-widget-wrap elementor-element-populated\">\n\t\t\t\t\t\t<div class=\"elementor-element elementor-element-f900f92 color-scheme-inherit text-left elementor-widget elementor-widget-text-editor\" data-id=\"f900f92\" data-element_type=\"widget\" data-e-type=\"widget\" data-settings=\"{&quot;ekit_we_effect_on&quot;:&quot;none&quot;}\" data-widget_type=\"text-editor.default\">\n\t\t\t\t<div class=\"elementor-widget-container\">\n\t\t\t\t\t\t\t\t\t<h2 class=\"p1\">SEDE<b> DE ATENCI\u00d3N EN SUTECBA<\/b><\/h2><p>\u00a0<iframe style=\"border: 0;\" src=\"https:\/\/www.google.com\/maps\/embed?pb=!1m18!1m12!1m3!1d3283.0497808409923!2d-58.45227532403577!3d-34.628182272945566!2m3!1f0!2f0!3f0!3m2!1i1024!2i768!4f13.1!3m3!1m2!1s0x95bcca3068e2fbb9%3A0xdf3f6e9382ba1b39!2sSindicato%20%C3%9Anico%20de%20Trabajadores%20y%20Empleados%20de%20la%20CABA!5e0!3m2!1ses!2sar!4v1730255770935!5m2!1ses!2sar\" width=\"600\" height=\"450\" allowfullscreen=\"allowfullscreen\"><\/iframe><\/p><h5 class=\"p3\"><strong><span class=\"s1\">Derecho Administrativo &#8211; Laboral &#8211; Penal<\/span><\/strong><\/h5><p class=\"p1\"><strong>DRA. ELVIRA TOCCI<\/strong>\u00a0\u2013 Lunes y Mi\u00e9rcoles de 17:00 a 19:00 hs<\/p><p class=\"p1\"><strong>DRA. DANIELA PEZZUTTI<\/strong>\u00a0&#8211; Lunes y Mi\u00e9rcoles de 17:00 a 19:00 hs.<\/p><h5>\u00a0<\/h5><h5 class=\"p3\"><strong><span class=\"s1\">Secretaria de Asuntos Previsionales<\/span><\/strong><\/h5><p class=\"p1\"><strong>DRA. ALEJANDRA AMUI AZIZE\u00a0<\/strong>&#8211; Viernes de 10:30 a 15 hs.<\/p><p class=\"p1\"><strong>DRA. ADORACI\u00d3N CASTELLANO<\/strong>\u00a0&#8211; Mi\u00e9rcoles de 11 a 15 hs.<\/p><p class=\"p1\">Tel. 4432-7670<\/p><p class=\"p1\">Email: previsionales@sutecba.org.ar<\/p><h5>\u00a0<\/h5><h5 class=\"p3\"><strong><span class=\"s1\">Derecho Civil y Familia<\/span><\/strong><\/h5><p class=\"p1\"><strong>MARCOS BOGADO<\/strong><b>\u00a0\u2013 Viernes de 16:00 a 18:00 hs.<\/b><\/p><p class=\"p1\"><b>Solicitar turno de 11 a 18 hs. al tel\u00e9fono 4988-1238<\/b><\/p><h5>\u00a0<\/h5><h5 class=\"p3\"><strong><span class=\"s1\">Derecho Laboral- Administrativo<\/span><\/strong><\/h5><p class=\"p1\"><b>DRA. MIRIAM PERAL<\/b>\u00a0 \u00a0-Lunes a Viernes de 10,00 a 17,00 hs.<\/p><p class=\"p1\">Turnos : \u00a0al 4431-2696 int 604\/608 (Secretaria Adjunta SUTECBA &#8211; 2do piso) o por Whatsapp al 116-424-9552\u00a0 indicando Nombre y apellido, repartici\u00f3n, \u00a0y motivo de la consulta.<\/p><h5 class=\"p1\">Derecho Administrtivo ( recursos,descargo, sumario) Civil- Familia<\/h5><p class=\"p1\">LUNES y MIERCOLES de 10 a 13 HS.<\/p><p class=\"p1\"><strong>DRES. YASMIN CHAMALI Y CRISTIAN DANIEL TERRERA<\/strong><\/p><p class=\"p1\">Turnos: sutecba.juridicos@gmail.com<\/p><p class=\"p1\">4433-2431 int. 129<\/p>\t\t\t\t\t\t\t\t<\/div>\n\t\t\t\t<\/div>\n\t\t\t\t\t<\/div>\n\t\t<\/div>\n\t\t\t\t\t<\/div>\n\t\t<\/section>\n\t\t\t\t\t<\/div>\n\t\t<\/div>\n\t\t\t\t\t<\/div>\n\t\t<\/section>\n\t\t\t\t<\/div>\n\t\t","protected":false},"excerpt":{"rendered":"<p>SEDE DE ATENCI\u00d3N EN SUTECBA \u00a0 Derecho Administrativo &#8211; Laboral &#8211; Penal DRA. ELVIRA TOCCI\u00a0\u2013 Lunes y Mi\u00e9rcoles de 17:00<\/p>\n","protected":false},"author":1,"featured_media":0,"parent":0,"menu_order":0,"comment_status":"closed","ping_status":"closed","template":"elementor_header_footer","meta":{"footnotes":""},"class_list":["post-13897","page","type-page","status-publish","hentry"],"yoast_head":"<!-- This site is optimized with the Yoast SEO plugin v27.4 - https:\/\/yoast.com\/product\/yoast-seo-wordpress\/ -->\n<title>Asesoramiento Jur\u00eddico Gratuito - S.U.T.E.C.B.A. || Sindicato \u00danico de Trabajadores del Estado de la Ciudad de Buenos Aires<\/title>\n<meta name=\"robots\" content=\"index, follow, max-snippet:-1, max-image-preview:large, max-video-preview:-1\" \/>\n<link rel=\"canonical\" href=\"https:\/\/sutecba.org.ar\/sitio\/asesoramiento-juridico-gratuito\/\" \/>\n<meta property=\"og:locale\" content=\"es_ES\" \/>\n<meta property=\"og:type\" content=\"article\" \/>\n<meta property=\"og:title\" content=\"Asesoramiento Jur\u00eddico Gratuito - S.U.T.E.C.B.A. || Sindicato \u00danico de Trabajadores del Estado de la Ciudad de Buenos Aires\" \/>\n<meta property=\"og:description\" content=\"SEDE DE ATENCI\u00d3N EN SUTECBA \u00a0 Derecho Administrativo &#8211; Laboral &#8211; Penal DRA. ELVIRA TOCCI\u00a0\u2013 Lunes y Mi\u00e9rcoles de 17:00\" \/>\n<meta property=\"og:url\" content=\"https:\/\/sutecba.org.ar\/sitio\/asesoramiento-juridico-gratuito\/\" \/>\n<meta property=\"og:site_name\" content=\"S.U.T.E.C.B.A. || Sindicato \u00danico de Trabajadores del Estado de la Ciudad de Buenos Aires\" \/>\n<meta property=\"article:modified_time\" content=\"2024-12-04T18:04:39+00:00\" \/>\n<meta name=\"twitter:card\" content=\"summary_large_image\" \/>\n<meta name=\"twitter:label1\" content=\"Tiempo de lectura\" \/>\n\t<meta name=\"twitter:data1\" content=\"9 minutos\" \/>\n<script type=\"application\/ld+json\" class=\"yoast-schema-graph\">{\"@context\":\"https:\\\/\\\/schema.org\",\"@graph\":[{\"@type\":\"WebPage\",\"@id\":\"https:\\\/\\\/sutecba.org.ar\\\/sitio\\\/asesoramiento-juridico-gratuito\\\/\",\"url\":\"https:\\\/\\\/sutecba.org.ar\\\/sitio\\\/asesoramiento-juridico-gratuito\\\/\",\"name\":\"Asesoramiento Jur\u00eddico Gratuito - S.U.T.E.C.B.A. || Sindicato \u00danico de Trabajadores del Estado de la Ciudad de Buenos Aires\",\"isPartOf\":{\"@id\":\"https:\\\/\\\/sutecba.org.ar\\\/sitio\\\/#website\"},\"datePublished\":\"2024-10-30T02:39:28+00:00\",\"dateModified\":\"2024-12-04T18:04:39+00:00\",\"breadcrumb\":{\"@id\":\"https:\\\/\\\/sutecba.org.ar\\\/sitio\\\/asesoramiento-juridico-gratuito\\\/#breadcrumb\"},\"inLanguage\":\"es-AR\",\"potentialAction\":[{\"@type\":\"ReadAction\",\"target\":[\"https:\\\/\\\/sutecba.org.ar\\\/sitio\\\/asesoramiento-juridico-gratuito\\\/\"]}]},{\"@type\":\"BreadcrumbList\",\"@id\":\"https:\\\/\\\/sutecba.org.ar\\\/sitio\\\/asesoramiento-juridico-gratuito\\\/#breadcrumb\",\"itemListElement\":[{\"@type\":\"ListItem\",\"position\":1,\"name\":\"Inicio\",\"item\":\"https:\\\/\\\/sutecba.org.ar\\\/sitio\\\/\"},{\"@type\":\"ListItem\",\"position\":2,\"name\":\"Asesoramiento Jur\u00eddico Gratuito\"}]},{\"@type\":\"WebSite\",\"@id\":\"https:\\\/\\\/sutecba.org.ar\\\/sitio\\\/#website\",\"url\":\"https:\\\/\\\/sutecba.org.ar\\\/sitio\\\/\",\"name\":\"S.U.T.E.C.B.A. || Sindicato \u00danico de Trabajadores del Estado de la Ciudad de Buenos Aires\",\"description\":\"Un Gremio Fuerte, Unido y Solidario.\",\"potentialAction\":[{\"@type\":\"SearchAction\",\"target\":{\"@type\":\"EntryPoint\",\"urlTemplate\":\"https:\\\/\\\/sutecba.org.ar\\\/sitio\\\/?s={search_term_string}\"},\"query-input\":{\"@type\":\"PropertyValueSpecification\",\"valueRequired\":true,\"valueName\":\"search_term_string\"}}],\"inLanguage\":\"es-AR\"}]}<\/script>\n<!-- \/ Yoast SEO plugin. -->","yoast_head_json":{"title":"Asesoramiento Jur\u00eddico Gratuito - S.U.T.E.C.B.A. || Sindicato \u00danico de Trabajadores del Estado de la Ciudad de Buenos Aires","robots":{"index":"index","follow":"follow","max-snippet":"max-snippet:-1","max-image-preview":"max-image-preview:large","max-video-preview":"max-video-preview:-1"},"canonical":"https:\/\/sutecba.org.ar\/sitio\/asesoramiento-juridico-gratuito\/","og_locale":"es_ES","og_type":"article","og_title":"Asesoramiento Jur\u00eddico Gratuito - S.U.T.E.C.B.A. || Sindicato \u00danico de Trabajadores del Estado de la Ciudad de Buenos Aires","og_description":"SEDE DE ATENCI\u00d3N EN SUTECBA \u00a0 Derecho Administrativo &#8211; Laboral &#8211; Penal DRA. ELVIRA TOCCI\u00a0\u2013 Lunes y Mi\u00e9rcoles de 17:00","og_url":"https:\/\/sutecba.org.ar\/sitio\/asesoramiento-juridico-gratuito\/","og_site_name":"S.U.T.E.C.B.A. || Sindicato \u00danico de Trabajadores del Estado de la Ciudad de Buenos Aires","article_modified_time":"2024-12-04T18:04:39+00:00","twitter_card":"summary_large_image","twitter_misc":{"Tiempo de lectura":"9 minutos"},"schema":{"@context":"https:\/\/schema.org","@graph":[{"@type":"WebPage","@id":"https:\/\/sutecba.org.ar\/sitio\/asesoramiento-juridico-gratuito\/","url":"https:\/\/sutecba.org.ar\/sitio\/asesoramiento-juridico-gratuito\/","name":"Asesoramiento Jur\u00eddico Gratuito - S.U.T.E.C.B.A. || Sindicato \u00danico de Trabajadores del Estado de la Ciudad de Buenos Aires","isPartOf":{"@id":"https:\/\/sutecba.org.ar\/sitio\/#website"},"datePublished":"2024-10-30T02:39:28+00:00","dateModified":"2024-12-04T18:04:39+00:00","breadcrumb":{"@id":"https:\/\/sutecba.org.ar\/sitio\/asesoramiento-juridico-gratuito\/#breadcrumb"},"inLanguage":"es-AR","potentialAction":[{"@type":"ReadAction","target":["https:\/\/sutecba.org.ar\/sitio\/asesoramiento-juridico-gratuito\/"]}]},{"@type":"BreadcrumbList","@id":"https:\/\/sutecba.org.ar\/sitio\/asesoramiento-juridico-gratuito\/#breadcrumb","itemListElement":[{"@type":"ListItem","position":1,"name":"Inicio","item":"https:\/\/sutecba.org.ar\/sitio\/"},{"@type":"ListItem","position":2,"name":"Asesoramiento Jur\u00eddico Gratuito"}]},{"@type":"WebSite","@id":"https:\/\/sutecba.org.ar\/sitio\/#website","url":"https:\/\/sutecba.org.ar\/sitio\/","name":"S.U.T.E.C.B.A. || Sindicato \u00danico de Trabajadores del Estado de la Ciudad de Buenos Aires","description":"Un Gremio Fuerte, Unido y Solidario.","potentialAction":[{"@type":"SearchAction","target":{"@type":"EntryPoint","urlTemplate":"https:\/\/sutecba.org.ar\/sitio\/?s={search_term_string}"},"query-input":{"@type":"PropertyValueSpecification","valueRequired":true,"valueName":"search_term_string"}}],"inLanguage":"es-AR"}]}},"_links":{"self":[{"href":"https:\/\/sutecba.org.ar\/sitio\/wp-json\/wp\/v2\/pages\/13897","targetHints":{"allow":["GET"]}}],"collection":[{"href":"https:\/\/sutecba.org.ar\/sitio\/wp-json\/wp\/v2\/pages"}],"about":[{"href":"https:\/\/sutecba.org.ar\/sitio\/wp-json\/wp\/v2\/types\/page"}],"author":[{"embeddable":true,"href":"https:\/\/sutecba.org.ar\/sitio\/wp-json\/wp\/v2\/users\/1"}],"replies":[{"embeddable":true,"href":"https:\/\/sutecba.org.ar\/sitio\/wp-json\/wp\/v2\/comments?post=13897"}],"version-history":[{"count":5,"href":"https:\/\/sutecba.org.ar\/sitio\/wp-json\/wp\/v2\/pages\/13897\/revisions"}],"predecessor-version":[{"id":13962,"href":"https:\/\/sutecba.org.ar\/sitio\/wp-json\/wp\/v2\/pages\/13897\/revisions\/13962"}],"wp:attachment":[{"href":"https:\/\/sutecba.org.ar\/sitio\/wp-json\/wp\/v2\/media?parent=13897"}],"curies":[{"name":"wp","href":"https:\/\/api.w.org\/{rel}","templated":true}]}}